{"id":52,"date":"2024-12-17T16:41:52","date_gmt":"2024-12-17T15:41:52","guid":{"rendered":"https:\/\/rock-zen.com\/about\/"},"modified":"2025-01-27T15:54:51","modified_gmt":"2025-01-27T14:54:51","slug":"about","status":"publish","type":"page","link":"https:\/\/rock-zen.com\/fr\/about\/","title":{"rendered":"\u00c0 propos"},"content":{"rendered":"<div class=\"wp-block-uagb-container uagb-block-a6be1363 alignfull uagb-is-root-container\"><div class=\"uagb-container__shape uagb-container__shape-bottom uagb-container__shape-flip uagb-container__invert\" data-negative=\"false\"><svg xmlns=\"https:\/\/www.w3.org\/2000\/svg\" viewbox=\"0 0 1000 100\" preserveaspectratio=\"none\"><path class=\"uagb-container__shape-fill\" d=\"M0,6V0h1000v100L0,6z\"><\/path><\/svg><\/div><div class=\"uagb-container-inner-blocks-wrap\">\n<div class=\"wp-block-uagb-advanced-heading uagb-block-81d18f4d\"><p class=\"uagb-desc-text\">Donnez-vous du pouvoir<\/p><h1 class=\"uagb-heading-text\">Grimper avec intention<\/h1><\/div>\n<\/div><\/div>\n\n\n\n<div class=\"wp-block-uagb-container uagb-layout-grid uagb-block-80731fa3 alignfull uagb-is-root-container\"><div class=\"uagb-container__shape uagb-container__shape-top uagb-container__shape-flip\"><svg xmlns=\"https:\/\/www.w3.org\/2000\/svg\" viewbox=\"0 0 1000 100\" preserveaspectratio=\"none\"><path class=\"uagb-container__shape-fill\" d=\"M0,6V0h1000v100L0,6z\"><\/path><\/svg><\/div><div class=\"uagb-container__shape uagb-container__shape-bottom uagb-container__shape-flip uagb-container__invert\" data-negative=\"false\"><svg xmlns=\"https:\/\/www.w3.org\/2000\/svg\" viewbox=\"0 0 1000 100\" preserveaspectratio=\"none\"><path class=\"uagb-container__shape-fill\" d=\"M0,6V0h1000v100L0,6z\"><\/path><\/svg><\/div><div class=\"uagb-container-inner-blocks-wrap\">\n<div class=\"wp-block-uagb-info-box uagb-block-4184a682 uagb-infobox__content-wrap  uagb-infobox-icon-above-title uagb-infobox-image-valign-top wp-block-uagb-info-box--has-margin\"><div class=\"uagb-infobox-margin-wrapper\"><div class=\"uagb-ifb-content\"><div class=\"uagb-ifb-title-wrap\"><span class=\"uagb-ifb-title-prefix\">Notre voyage<\/span><h2 class=\"uagb-ifb-title\">L&#039;histoire de Rock-Zen<\/h2><\/div><p class=\"uagb-ifb-desc\">Rock-Zen a \u00e9t\u00e9 fond\u00e9e sur la conviction que l&#039;escalade est bien plus que d&#039;atteindre le sommet : il s&#039;agit de ma\u00eetriser le voyage int\u00e9rieur.<br>Pour Alma, notre fondatrice, ce parcours a d\u00e9but\u00e9 en 2009 dans le nord du Mexique, o\u00f9 elle a cr\u00e9\u00e9 son propre parcours d&#039;escalade en cr\u00e9ant un club scolaire. Au fil des ans, l&#039;escalade est devenue plus qu&#039;une passion\u00a0: c&#039;est devenu sa raison d&#039;\u00eatre. Elle a trouv\u00e9 un profond \u00e9panouissement dans l&#039;enseignement, en partageant sa passion pour ce sport et en aidant les autres \u00e0 lib\u00e9rer leur potentiel gr\u00e2ce \u00e0 l&#039;escalade.<br>En tant que l&#039;un des rares entra\u00eeneurs certifi\u00e9s du Warrior&#039;s Way au monde, Alma int\u00e8gre de puissantes techniques d&#039;entra\u00eenement mental dans son coaching, aidant les grimpeurs \u00e0 d\u00e9velopper leur r\u00e9silience, \u00e0 g\u00e9rer la peur et \u00e0 prendre des d\u00e9cisions en toute confiance sur le mur.<br>Anim\u00e9e par le d\u00e9sir de redonner \u00e0 la communaut\u00e9 des grimpeurs, Alma non seulement entra\u00eene mais contribue \u00e9galement en \u00e9quipant et en r\u00e9\u00e9quipant des itin\u00e9raires, garantissant ainsi aux futurs grimpeurs de pouvoir profiter d&#039;ascensions s\u00fbres et inspirantes.<br><strong>Pour les grimpeurs en qu\u00eate de plus<\/strong><br>Chez Rock-Zen, l&#039;escalade consiste \u00e0 g\u00e9rer la peur, \u00e0 prendre des d\u00e9cisions en toute confiance et \u00e0 briser les barri\u00e8res mentales. Notre coaching allie enseignement technique et pr\u00e9paration mentale, aidant les grimpeurs \u00e0 d\u00e9velopper leur concentration et leur motivation.<br><strong>Un voyage partag\u00e9<\/strong><br>Nous croyons en la croissance par la communaut\u00e9. Chez Rock-Zen, les grimpeurs se connectent, se soutiennent et c\u00e9l\u00e8brent leurs progr\u00e8s. Que vous visiez des objectifs personnels ou pr\u00e9pariez des voyages d&#039;escalade internationaux, nous sommes l\u00e0 pour vous accompagner au-del\u00e0 de vos esp\u00e9rances.<br><br><\/p><\/div><\/div><\/div>\n\n\n\n<div class=\"wp-block-uagb-image alignright uagb-block-eb3eeb07 wp-block-uagb-image--layout-default wp-block-uagb-image--effect-static wp-block-uagb-image--align-right\"><figure class=\"wp-block-uagb-image__figure\"><img data-recalc-dims=\"1\" decoding=\"async\" srcset=\"https:\/\/rock-zen.com\/wp-content\/uploads\/2024\/06\/IMG_5295.jpg ,https:\/\/rock-zen.com\/wp-content\/uploads\/2024\/06\/IMG_5295.jpg 780w, https:\/\/rock-zen.com\/wp-content\/uploads\/2024\/06\/IMG_5295.jpg 360w\" sizes=\"auto, (max-width: 480px) 150px\" src=\"https:\/\/i0.wp.com\/rock-zen.com\/wp-content\/uploads\/2024\/06\/IMG_5295.jpg?resize=500%2C450&#038;ssl=1\" alt=\"\" class=\"uag-image-29047\" width=\"500\" height=\"450\" title=\"notre-histoire\" loading=\"lazy\" role=\"img\"\/><\/figure><\/div>\n\n\n\n<p><\/p>\n\n\n\n<div class=\"wp-block-uagb-buttons uagb-buttons__outer-wrap uagb-btn__default-btn uagb-btn-tablet__default-btn uagb-btn-mobile__default-btn uagb-block-b1380299\"><div class=\"uagb-buttons__wrap uagb-buttons-layout-wrap\">\n<div class=\"wp-block-uagb-buttons-child uagb-buttons__outer-wrap uagb-block-3b04bc1f wp-block-button\"><div class=\"uagb-button__wrapper\"><a class=\"uagb-buttons-repeater wp-block-button__link\" aria-label=\"\" href=\"https:\/\/rock-zen.com\/fr\/contact-2\/\" rel=\"follow noopener\" target=\"_self\" role=\"button\"><div class=\"uagb-button__link\">contacter Alma<\/div><\/a><\/div><\/div>\n<\/div><\/div>\n<\/div><\/div>\n\n\n\n<div class=\"wp-block-uagb-container uagb-block-9dbb18d7 alignfull uagb-is-root-container\"><div class=\"uagb-container-inner-blocks-wrap\">\n<div class=\"wp-block-uagb-advanced-heading uagb-block-1fd5f659\"><p class=\"uagb-desc-text\">Qui sommes-nous<\/p><h2 class=\"uagb-heading-text\">D\u00e9couvrez notre engagement envers l&#039;entra\u00eenement mental et la croissance des grimpeurs<\/h2><\/div>\n\n\n\n<div class=\"wp-block-uagb-container uagb-layout-grid uagb-block-84e20ad5\">\n<div class=\"wp-block-uagb-image alignleft uagb-block-52eed376 wp-block-uagb-image--layout-default wp-block-uagb-image--effect-static wp-block-uagb-image--align-left\"><figure class=\"wp-block-uagb-image__figure\"><a class=\"\" href=\"https:\/\/rock-zen.com\/fr\/group-workshops\/\" target=\"\" rel=\"noopener\"><img data-recalc-dims=\"1\" decoding=\"async\" srcset=\"https:\/\/rock-zen.com\/wp-content\/uploads\/2024\/12\/IMG_2789-768x1024.jpeg ,https:\/\/rock-zen.com\/wp-content\/uploads\/2024\/12\/IMG_2789-scaled.jpeg 780w, https:\/\/rock-zen.com\/wp-content\/uploads\/2024\/12\/IMG_2789-scaled.jpeg 360w\" sizes=\"auto, (max-width: 480px) 150px\" src=\"https:\/\/i0.wp.com\/rock-zen.com\/wp-content\/uploads\/2024\/12\/IMG_2789.jpeg?resize=500%2C450&#038;ssl=1\" alt=\"\" class=\"uag-image-29404\" width=\"500\" height=\"450\" title=\"IMG_2789\" loading=\"lazy\" role=\"img\"\/><\/a><\/figure><\/div>\n\n\n\n<div class=\"wp-block-uagb-info-box uagb-block-de5ccef8 uagb-infobox__content-wrap  uagb-infobox-icon-above-title uagb-infobox-image-valign-top wp-block-uagb-info-box--has-margin\"><div class=\"uagb-infobox-margin-wrapper\"><div class=\"uagb-ifb-content\"><div class=\"uagb-ifb-title-wrap\"><h3 class=\"uagb-ifb-title-prefix\">Ce que partagent les grimpeurs qui ont travaill\u00e9 avec nous<\/h3><p class=\"uagb-ifb-title\">Chez Rock-Zen, les grimpeurs ont signal\u00e9 des am\u00e9liorations significatives de la concentration, de la confiance et de la r\u00e9silience, conduisant \u00e0 des exp\u00e9riences et des r\u00e9sultats d&#039;escalade am\u00e9lior\u00e9s.<br><br>Rock-Zen se consacre \u00e0 lib\u00e9rer le plein potentiel de chaque grimpeur gr\u00e2ce \u00e0 un entra\u00eenement mental sp\u00e9cialis\u00e9. Nos clients connaissent souvent une croissance remarquable de leurs performances et de leur plaisir d&#039;escalade. En affrontant leurs peurs et en d\u00e9veloppant des strat\u00e9gies mentales plus solides, les grimpeurs ont d\u00e9pass\u00e9 leurs limites et r\u00e9alis\u00e9 des exploits qu&#039;ils croyaient autrefois impossibles. Ensemble, nous cr\u00e9ons une communaut\u00e9 forte et solidaire o\u00f9 chaque grimpeur peut s&#039;\u00e9panouir et progresser dans son parcours unique.<\/p><\/div><\/div><\/div><\/div>\n<\/div>\n\n\n\n<div class=\"wp-block-uagb-image uagb-block-c34319f3 wp-block-uagb-image--layout-default wp-block-uagb-image--effect-static wp-block-uagb-image--align-none\"><figure class=\"wp-block-uagb-image__figure\"><a class=\"\" href=\"https:\/\/rock-zen.com\/fr\/group-workshops\/\" target=\"\" rel=\"noopener\"><img data-recalc-dims=\"1\" decoding=\"async\"  sizes=\"auto, (max-width: 480px) 150px\" src=\"https:\/\/i0.wp.com\/rock-zen.com\/wp-content\/uploads\/2024\/12\/IMG_2759-1.jpeg?resize=1024%2C768&#038;ssl=1\" alt=\"\" width=\"1024\" height=\"768\" title=\"\" loading=\"lazy\" role=\"img\"\/><\/a><\/figure><\/div>\n<\/div><\/div>\n\n\n\n<div class=\"wp-block-uagb-container uagb-block-f7d88070 alignfull uagb-is-root-container\"><div class=\"uagb-container-inner-blocks-wrap\">\n<div class=\"wp-block-uagb-advanced-heading uagb-block-87470b0a\"><p class=\"uagb-desc-text\">Nos convictions fondamentales<\/p><h2 class=\"uagb-heading-text\">Mission et valeurs chez Rock-Zen<\/h2><\/div>\n\n\n\n<div class=\"wp-block-uagb-container uagb-block-6215ea89\">\n<div class=\"wp-block-uagb-advanced-heading uagb-block-809e447c\"><h3 class=\"uagb-heading-text\">Notre mission<\/h3><p class=\"uagb-desc-text\">Chez Rock-Zen, notre mission est de permettre aux grimpeurs de d\u00e9passer leurs barri\u00e8res mentales. Gr\u00e2ce \u00e0 un coaching personnalis\u00e9 et \u00e0 un entra\u00eenement cibl\u00e9, nous les aidons \u00e0 relever le d\u00e9fi, \u00e0 trouver la joie dans l&#039;aventure et \u00e0 lib\u00e9rer leur plein potentiel.<br><\/p><\/div>\n\n\n\n<div class=\"wp-block-uagb-separator uagb-block-7f2a0cab\"><div class=\"wp-block-uagb-separator__inner\" style=\"--my-background-image:\"><\/div><\/div>\n\n\n\n<div class=\"wp-block-uagb-advanced-heading uagb-block-0cc4a98e\"><h3 class=\"uagb-heading-text\">Nos valeurs<\/h3><p class=\"uagb-desc-text\">Nous croyons au pouvoir de la communaut\u00e9, de la positivit\u00e9 et de la croissance continue. Nos valeurs s&#039;articulent autour de la cr\u00e9ation d&#039;un environnement stimulant o\u00f9 les grimpeurs peuvent explorer leurs peurs et leurs forces. Nous nous engageons \u00e0 promouvoir le bien-\u00eatre mental, \u00e0 favoriser une culture d&#039;inclusion et \u00e0 inspirer les grimpeurs \u00e0 prendre plaisir \u00e0 leur parcours tout en surmontant ensemble les d\u00e9fis.<\/p><\/div>\n<\/div>\n<\/div><\/div>\n\n\n\n<p><\/p>\n\n\n\n<div class=\"wp-block-uagb-container uagb-block-4krufzvn alignfull uagb-is-root-container\"><div class=\"uagb-container-inner-blocks-wrap\">\n<div class=\"wp-block-uagb-info-box uagb-block-vhssgdvs uagb-infobox__content-wrap  uagb-infobox-icon-above-title uagb-infobox-image-valign-top\"><div class=\"uagb-ifb-content\"><div class=\"uagb-ifb-title-wrap\"><p class=\"uagb-ifb-title-prefix\">Agissez maintenant<\/p><h2 class=\"uagb-ifb-title\">\u00ab Contactez-nous d\u00e8s aujourd&#039;hui pour d\u00e9couvrir comment une pr\u00e9sence totale peut transformer votre exp\u00e9rience d&#039;escalade, et bien plus encore. \u00bb<\/h2><\/div><p class=\"uagb-ifb-desc\">N&#039;attendez plus. Laissez-nous vous guider tout au long du processus et vous aider \u00e0 lib\u00e9rer votre v\u00e9ritable potentiel.<\/p><\/div><\/div>\n\n\n\n<div class=\"wp-block-uagb-buttons uagb-buttons__outer-wrap uagb-btn__default-btn uagb-btn-tablet__default-btn uagb-btn-mobile__default-btn uagb-block-7ea646c6\"><div class=\"uagb-buttons__wrap uagb-buttons-layout-wrap\">\n<div class=\"wp-block-uagb-buttons-child uagb-buttons__outer-wrap uagb-block-960b0bce wp-block-button\"><div class=\"uagb-button__wrapper\"><a class=\"uagb-buttons-repeater wp-block-button__link\" aria-label=\"\" href=\"https:\/\/rock-zen.com\/fr\/services\/\" rel=\"follow noopener\" target=\"_self\" role=\"button\"><div class=\"uagb-button__link\">D\u00e9couvrez nos services de coaching<\/div><\/a><\/div><\/div>\n<\/div><\/div>\n<\/div><\/div>\n\n\n\n<p><\/p>","protected":false},"excerpt":{"rendered":"<p>Empower Yourself Climbing with Intention Who We Are Discover Our Commitment to climbers&#8217; mental training and growth Our Core Beliefs [&hellip;]<\/p>\n","protected":false},"author":1,"featured_media":29842,"parent":0,"menu_order":0,"comment_status":"closed","ping_status":"closed","template":"","meta":{"_uag_custom_page_level_css":"","site-sidebar-layout":"default","site-content-layout":"","ast-site-content-layout":"","site-content-style":"default","site-sidebar-style":"default","ast-global-header-display":"","ast-banner-title-visibility":"","ast-main-header-display":"","ast-hfb-above-header-display":"","ast-hfb-below-header-display":"","ast-hfb-mobile-header-display":"","site-post-title":"disabled","ast-breadcrumbs-content":"","ast-featured-img":"disabled","footer-sml-layout":"","theme-transparent-header-meta":"","adv-header-id-meta":"","stick-header-meta":"","header-above-stick-meta":"","header-main-stick-meta":"","header-below-stick-meta":"","astra-migrate-meta-layouts":"default","ast-page-background-enabled":"default","ast-page-background-meta":{"desktop":{"background-color":"var(--ast-global-color-4)","background-image":"","background-repeat":"repeat","background-position":"center center","background-size":"auto","background-attachment":"scroll","background-type":"","background-media":"","overlay-type":"","overlay-color":"","overlay-opacity":"","overlay-gradient":""},"tablet":{"background-color":"","background-image":"","background-repeat":"repeat","background-position":"center center","background-size":"auto","background-attachment":"scroll","background-type":"","background-media":"","overlay-type":"","overlay-color":"","overlay-opacity":"","overlay-gradient":""},"mobile":{"background-color":"","background-image":"","background-repeat":"repeat","background-position":"center center","background-size":"auto","background-attachment":"scroll","background-type":"","background-media":"","overlay-type":"","overlay-color":"","overlay-opacity":"","overlay-gradient":""}},"ast-content-background-meta":{"desktop":{"background-color":"var(--ast-global-color-5)","background-image":"","background-repeat":"repeat","background-position":"center center","background-size":"auto","background-attachment":"scroll","background-type":"","background-media":"","overlay-type":"","overlay-color":"","overlay-opacity":"","overlay-gradient":""},"tablet":{"background-color":"var(--ast-global-color-5)","background-image":"","background-repeat":"repeat","background-position":"center center","background-size":"auto","background-attachment":"scroll","background-type":"","background-media":"","overlay-type":"","overlay-color":"","overlay-opacity":"","overlay-gradient":""},"mobile":{"background-color":"var(--ast-global-color-5)","background-image":"","background-repeat":"repeat","background-position":"center center","background-size":"auto","background-attachment":"scroll","background-type":"","background-media":"","overlay-type":"","overlay-color":"","overlay-opacity":"","overlay-gradient":""}},"footnotes":""},"class_list":["post-52","page","type-page","status-publish","has-post-thumbnail","hentry"],"yoast_head":"<!-- This site is optimized with the Yoast SEO plugin v27.3 - https:\/\/yoast.com\/product\/yoast-seo-wordpress\/ -->\n<title>About - Rock Zen<\/title>\n<meta name=\"robots\" content=\"index, follow, max-snippet:-1, max-image-preview:large, max-video-preview:-1\" \/>\n<link rel=\"canonical\" href=\"https:\/\/rock-zen.com\/fr\/about\/\" \/>\n<meta property=\"og:locale\" content=\"fr_FR\" \/>\n<meta property=\"og:type\" content=\"article\" \/>\n<meta property=\"og:title\" content=\"About - Rock Zen\" \/>\n<meta property=\"og:description\" content=\"Empower Yourself Climbing with Intention Who We Are Discover Our Commitment to climbers&#8217; mental training and growth Our Core Beliefs [&hellip;]\" \/>\n<meta property=\"og:url\" content=\"https:\/\/rock-zen.com\/fr\/about\/\" \/>\n<meta property=\"og:site_name\" content=\"Rock Zen\" \/>\n<meta property=\"article:modified_time\" content=\"2025-01-27T14:54:51+00:00\" \/>\n<meta property=\"og:image\" content=\"https:\/\/rock-zen.com\/wp-content\/uploads\/2025\/01\/LaraSuleymanSaintLeger44-petit.jpeg\" \/>\n\t<meta property=\"og:image:width\" content=\"800\" \/>\n\t<meta property=\"og:image:height\" content=\"533\" \/>\n\t<meta property=\"og:image:type\" content=\"image\/jpeg\" \/>\n<meta name=\"twitter:card\" content=\"summary_large_image\" \/>\n<meta name=\"twitter:label1\" content=\"Dur\u00e9e de lecture estim\u00e9e\" \/>\n\t<meta name=\"twitter:data1\" content=\"2 minutes\" \/>\n<script type=\"application\/ld+json\" class=\"yoast-schema-graph\">{\"@context\":\"https:\\\/\\\/schema.org\",\"@graph\":[{\"@type\":\"WebPage\",\"@id\":\"https:\\\/\\\/rock-zen.com\\\/about\\\/\",\"url\":\"https:\\\/\\\/rock-zen.com\\\/about\\\/\",\"name\":\"About - Rock Zen\",\"isPartOf\":{\"@id\":\"https:\\\/\\\/rock-zen.com\\\/#website\"},\"primaryImageOfPage\":{\"@id\":\"https:\\\/\\\/rock-zen.com\\\/about\\\/#primaryimage\"},\"image\":{\"@id\":\"https:\\\/\\\/rock-zen.com\\\/about\\\/#primaryimage\"},\"thumbnailUrl\":\"https:\\\/\\\/i0.wp.com\\\/rock-zen.com\\\/wp-content\\\/uploads\\\/2025\\\/01\\\/LaraSuleymanSaintLeger44-petit.jpeg?fit=800%2C533&ssl=1\",\"datePublished\":\"2024-12-17T15:41:52+00:00\",\"dateModified\":\"2025-01-27T14:54:51+00:00\",\"breadcrumb\":{\"@id\":\"https:\\\/\\\/rock-zen.com\\\/about\\\/#breadcrumb\"},\"inLanguage\":\"fr-FR\",\"potentialAction\":[{\"@type\":\"ReadAction\",\"target\":[\"https:\\\/\\\/rock-zen.com\\\/about\\\/\"]}]},{\"@type\":\"ImageObject\",\"inLanguage\":\"fr-FR\",\"@id\":\"https:\\\/\\\/rock-zen.com\\\/about\\\/#primaryimage\",\"url\":\"https:\\\/\\\/i0.wp.com\\\/rock-zen.com\\\/wp-content\\\/uploads\\\/2025\\\/01\\\/LaraSuleymanSaintLeger44-petit.jpeg?fit=800%2C533&ssl=1\",\"contentUrl\":\"https:\\\/\\\/i0.wp.com\\\/rock-zen.com\\\/wp-content\\\/uploads\\\/2025\\\/01\\\/LaraSuleymanSaintLeger44-petit.jpeg?fit=800%2C533&ssl=1\",\"width\":800,\"height\":533},{\"@type\":\"BreadcrumbList\",\"@id\":\"https:\\\/\\\/rock-zen.com\\\/about\\\/#breadcrumb\",\"itemListElement\":[{\"@type\":\"ListItem\",\"position\":1,\"name\":\"Accueil\",\"item\":\"https:\\\/\\\/rock-zen.com\\\/\"},{\"@type\":\"ListItem\",\"position\":2,\"name\":\"About\"}]},{\"@type\":\"WebSite\",\"@id\":\"https:\\\/\\\/rock-zen.com\\\/#website\",\"url\":\"https:\\\/\\\/rock-zen.com\\\/\",\"name\":\"Rock Zen\",\"description\":\"Unlock your full potential\",\"publisher\":{\"@id\":\"https:\\\/\\\/rock-zen.com\\\/#organization\"},\"potentialAction\":[{\"@type\":\"SearchAction\",\"target\":{\"@type\":\"EntryPoint\",\"urlTemplate\":\"https:\\\/\\\/rock-zen.com\\\/?s={search_term_string}\"},\"query-input\":{\"@type\":\"PropertyValueSpecification\",\"valueRequired\":true,\"valueName\":\"search_term_string\"}}],\"inLanguage\":\"fr-FR\"},{\"@type\":\"Organization\",\"@id\":\"https:\\\/\\\/rock-zen.com\\\/#organization\",\"name\":\"Rock Zen\",\"url\":\"https:\\\/\\\/rock-zen.com\\\/\",\"logo\":{\"@type\":\"ImageObject\",\"inLanguage\":\"fr-FR\",\"@id\":\"https:\\\/\\\/rock-zen.com\\\/#\\\/schema\\\/logo\\\/image\\\/\",\"url\":\"https:\\\/\\\/i0.wp.com\\\/rock-zen.com\\\/wp-content\\\/uploads\\\/2024\\\/12\\\/RZ-logo-transparent-background-1.png?fit=5508%2C2064&ssl=1\",\"contentUrl\":\"https:\\\/\\\/i0.wp.com\\\/rock-zen.com\\\/wp-content\\\/uploads\\\/2024\\\/12\\\/RZ-logo-transparent-background-1.png?fit=5508%2C2064&ssl=1\",\"width\":5508,\"height\":2064,\"caption\":\"Rock Zen\"},\"image\":{\"@id\":\"https:\\\/\\\/rock-zen.com\\\/#\\\/schema\\\/logo\\\/image\\\/\"},\"sameAs\":[\"https:\\\/\\\/www.instagram.com\\\/rockzeneurope?igsh=MTk0azdhazQyYmt1Mw==&utm_source=qr\"]}]}<\/script>\n<!-- \/ Yoast SEO plugin. -->","yoast_head_json":{"title":"About - Rock Zen","robots":{"index":"index","follow":"follow","max-snippet":"max-snippet:-1","max-image-preview":"max-image-preview:large","max-video-preview":"max-video-preview:-1"},"canonical":"https:\/\/rock-zen.com\/fr\/about\/","og_locale":"fr_FR","og_type":"article","og_title":"About - Rock Zen","og_description":"Empower Yourself Climbing with Intention Who We Are Discover Our Commitment to climbers&#8217; mental training and growth Our Core Beliefs [&hellip;]","og_url":"https:\/\/rock-zen.com\/fr\/about\/","og_site_name":"Rock Zen","article_modified_time":"2025-01-27T14:54:51+00:00","og_image":[{"width":800,"height":533,"url":"https:\/\/rock-zen.com\/wp-content\/uploads\/2025\/01\/LaraSuleymanSaintLeger44-petit.jpeg","type":"image\/jpeg"}],"twitter_card":"summary_large_image","twitter_misc":{"Dur\u00e9e de lecture estim\u00e9e":"2 minutes"},"schema":{"@context":"https:\/\/schema.org","@graph":[{"@type":"WebPage","@id":"https:\/\/rock-zen.com\/about\/","url":"https:\/\/rock-zen.com\/about\/","name":"About - Rock Zen","isPartOf":{"@id":"https:\/\/rock-zen.com\/#website"},"primaryImageOfPage":{"@id":"https:\/\/rock-zen.com\/about\/#primaryimage"},"image":{"@id":"https:\/\/rock-zen.com\/about\/#primaryimage"},"thumbnailUrl":"https:\/\/i0.wp.com\/rock-zen.com\/wp-content\/uploads\/2025\/01\/LaraSuleymanSaintLeger44-petit.jpeg?fit=800%2C533&ssl=1","datePublished":"2024-12-17T15:41:52+00:00","dateModified":"2025-01-27T14:54:51+00:00","breadcrumb":{"@id":"https:\/\/rock-zen.com\/about\/#breadcrumb"},"inLanguage":"fr-FR","potentialAction":[{"@type":"ReadAction","target":["https:\/\/rock-zen.com\/about\/"]}]},{"@type":"ImageObject","inLanguage":"fr-FR","@id":"https:\/\/rock-zen.com\/about\/#primaryimage","url":"https:\/\/i0.wp.com\/rock-zen.com\/wp-content\/uploads\/2025\/01\/LaraSuleymanSaintLeger44-petit.jpeg?fit=800%2C533&ssl=1","contentUrl":"https:\/\/i0.wp.com\/rock-zen.com\/wp-content\/uploads\/2025\/01\/LaraSuleymanSaintLeger44-petit.jpeg?fit=800%2C533&ssl=1","width":800,"height":533},{"@type":"BreadcrumbList","@id":"https:\/\/rock-zen.com\/about\/#breadcrumb","itemListElement":[{"@type":"ListItem","position":1,"name":"Accueil","item":"https:\/\/rock-zen.com\/"},{"@type":"ListItem","position":2,"name":"About"}]},{"@type":"WebSite","@id":"https:\/\/rock-zen.com\/#website","url":"https:\/\/rock-zen.com\/","name":"Rock Zen","description":"Lib\u00e9rez tout votre potentiel","publisher":{"@id":"https:\/\/rock-zen.com\/#organization"},"potentialAction":[{"@type":"SearchAction","target":{"@type":"EntryPoint","urlTemplate":"https:\/\/rock-zen.com\/?s={search_term_string}"},"query-input":{"@type":"PropertyValueSpecification","valueRequired":true,"valueName":"search_term_string"}}],"inLanguage":"fr-FR"},{"@type":"Organization","@id":"https:\/\/rock-zen.com\/#organization","name":"Rock Zen","url":"https:\/\/rock-zen.com\/","logo":{"@type":"ImageObject","inLanguage":"fr-FR","@id":"https:\/\/rock-zen.com\/#\/schema\/logo\/image\/","url":"https:\/\/i0.wp.com\/rock-zen.com\/wp-content\/uploads\/2024\/12\/RZ-logo-transparent-background-1.png?fit=5508%2C2064&ssl=1","contentUrl":"https:\/\/i0.wp.com\/rock-zen.com\/wp-content\/uploads\/2024\/12\/RZ-logo-transparent-background-1.png?fit=5508%2C2064&ssl=1","width":5508,"height":2064,"caption":"Rock Zen"},"image":{"@id":"https:\/\/rock-zen.com\/#\/schema\/logo\/image\/"},"sameAs":["https:\/\/www.instagram.com\/rockzeneurope?igsh=MTk0azdhazQyYmt1Mw==&utm_source=qr"]}]}},"uagb_featured_image_src":{"full":["https:\/\/i0.wp.com\/rock-zen.com\/wp-content\/uploads\/2025\/01\/LaraSuleymanSaintLeger44-petit.jpeg?fit=800%2C533&ssl=1",800,533,false],"thumbnail":["https:\/\/i0.wp.com\/rock-zen.com\/wp-content\/uploads\/2025\/01\/LaraSuleymanSaintLeger44-petit.jpeg?resize=150%2C150&ssl=1",150,150,true],"medium":["https:\/\/i0.wp.com\/rock-zen.com\/wp-content\/uploads\/2025\/01\/LaraSuleymanSaintLeger44-petit.jpeg?fit=300%2C200&ssl=1",300,200,true],"medium_large":["https:\/\/i0.wp.com\/rock-zen.com\/wp-content\/uploads\/2025\/01\/LaraSuleymanSaintLeger44-petit.jpeg?fit=768%2C512&ssl=1",768,512,true],"large":["https:\/\/i0.wp.com\/rock-zen.com\/wp-content\/uploads\/2025\/01\/LaraSuleymanSaintLeger44-petit.jpeg?fit=800%2C533&ssl=1",800,533,true],"1536x1536":["https:\/\/i0.wp.com\/rock-zen.com\/wp-content\/uploads\/2025\/01\/LaraSuleymanSaintLeger44-petit.jpeg?fit=800%2C533&ssl=1",800,533,true],"2048x2048":["https:\/\/i0.wp.com\/rock-zen.com\/wp-content\/uploads\/2025\/01\/LaraSuleymanSaintLeger44-petit.jpeg?fit=800%2C533&ssl=1",800,533,true],"trp-custom-language-flag":["https:\/\/i0.wp.com\/rock-zen.com\/wp-content\/uploads\/2025\/01\/LaraSuleymanSaintLeger44-petit.jpeg?fit=18%2C12&ssl=1",18,12,true],"mailpoet_newsletter_max":["https:\/\/i0.wp.com\/rock-zen.com\/wp-content\/uploads\/2025\/01\/LaraSuleymanSaintLeger44-petit.jpeg?fit=800%2C533&ssl=1",800,533,true],"woocommerce_thumbnail":["https:\/\/i0.wp.com\/rock-zen.com\/wp-content\/uploads\/2025\/01\/LaraSuleymanSaintLeger44-petit.jpeg?resize=300%2C300&ssl=1",300,300,true],"woocommerce_single":["https:\/\/i0.wp.com\/rock-zen.com\/wp-content\/uploads\/2025\/01\/LaraSuleymanSaintLeger44-petit.jpeg?fit=600%2C400&ssl=1",600,400,true],"woocommerce_gallery_thumbnail":["https:\/\/i0.wp.com\/rock-zen.com\/wp-content\/uploads\/2025\/01\/LaraSuleymanSaintLeger44-petit.jpeg?resize=100%2C100&ssl=1",100,100,true]},"uagb_author_info":{"display_name":"Alma","author_link":"https:\/\/rock-zen.com\/fr\/author\/alma\/"},"uagb_comment_info":0,"uagb_excerpt":"Empower Yourself Climbing with Intention Who We Are Discover Our Commitment to climbers&#8217; mental training and growth Our Core Beliefs [&hellip;]","jetpack_sharing_enabled":true,"_links":{"self":[{"href":"https:\/\/rock-zen.com\/fr\/wp-json\/wp\/v2\/pages\/52","targetHints":{"allow":["GET"]}}],"collection":[{"href":"https:\/\/rock-zen.com\/fr\/wp-json\/wp\/v2\/pages"}],"about":[{"href":"https:\/\/rock-zen.com\/fr\/wp-json\/wp\/v2\/types\/page"}],"author":[{"embeddable":true,"href":"https:\/\/rock-zen.com\/fr\/wp-json\/wp\/v2\/users\/1"}],"replies":[{"embeddable":true,"href":"https:\/\/rock-zen.com\/fr\/wp-json\/wp\/v2\/comments?post=52"}],"version-history":[{"count":22,"href":"https:\/\/rock-zen.com\/fr\/wp-json\/wp\/v2\/pages\/52\/revisions"}],"predecessor-version":[{"id":29844,"href":"https:\/\/rock-zen.com\/fr\/wp-json\/wp\/v2\/pages\/52\/revisions\/29844"}],"wp:featuredmedia":[{"embeddable":true,"href":"https:\/\/rock-zen.com\/fr\/wp-json\/wp\/v2\/media\/29842"}],"wp:attachment":[{"href":"https:\/\/rock-zen.com\/fr\/wp-json\/wp\/v2\/media?parent=52"}],"curies":[{"name":"wp","href":"https:\/\/api.w.org\/{rel}","templated":true}]}}