{"id":53,"date":"2024-12-17T16:41:52","date_gmt":"2024-12-17T15:41:52","guid":{"rendered":"https:\/\/rock-zen.com\/services\/"},"modified":"2025-01-26T09:40:02","modified_gmt":"2025-01-26T08:40:02","slug":"services","status":"publish","type":"page","link":"https:\/\/rock-zen.com\/fr\/services\/","title":{"rendered":"Services"},"content":{"rendered":"<div class=\"wp-block-uagb-container uagb-block-a6be1363 alignfull uagb-is-root-container\"><div class=\"uagb-container__shape uagb-container__shape-bottom uagb-container__shape-flip uagb-container__invert\" data-negative=\"false\"><svg xmlns=\"https:\/\/www.w3.org\/2000\/svg\" viewbox=\"0 0 1000 100\" preserveaspectratio=\"none\"><path class=\"uagb-container__shape-fill\" d=\"M0,6V0h1000v100L0,6z\"><\/path><\/svg><\/div><div class=\"uagb-container-inner-blocks-wrap\">\n<div class=\"wp-block-uagb-advanced-heading uagb-block-81d18f4d\"><p class=\"uagb-desc-text\">Autonomisation<\/p><h1 class=\"uagb-heading-text\">Transformez votre exp\u00e9rience d'escalade<\/h1><\/div>\n<\/div><\/div>\n\n\n\n<div class=\"wp-block-uagb-container uagb-block-5e795505 alignfull uagb-is-root-container\"><div class=\"uagb-container-inner-blocks-wrap\">\n<div class=\"wp-block-columns is-layout-flex wp-container-core-columns-is-layout-28f84493 wp-block-columns-is-layout-flex\">\n<div class=\"wp-block-column is-layout-flow wp-block-column-is-layout-flow\">\n<div class=\"wp-block-uagb-image uagb-block-73e8deef wp-block-uagb-image--layout-default wp-block-uagb-image--effect-static wp-block-uagb-image--align-none\"><figure class=\"wp-block-uagb-image__figure\"><img data-recalc-dims=\"1\" decoding=\"async\" srcset=\"https:\/\/rock-zen.com\/wp-content\/uploads\/2024\/12\/LaraSuleymanSaintLeger44-copy-1024x683.jpeg ,https:\/\/rock-zen.com\/wp-content\/uploads\/2024\/12\/LaraSuleymanSaintLeger44-copy-scaled.jpeg 780w, https:\/\/rock-zen.com\/wp-content\/uploads\/2024\/12\/LaraSuleymanSaintLeger44-copy-scaled.jpeg 360w\" sizes=\"auto, (max-width: 480px) 150px\" src=\"https:\/\/i0.wp.com\/rock-zen.com\/wp-content\/uploads\/2024\/12\/LaraSuleymanSaintLeger44-copy.jpeg?resize=1024%2C683&#038;ssl=1\" alt=\"\" class=\"uag-image-29415\" width=\"1024\" height=\"683\" title=\"LaraSuleymanSaintLeger44 copie\" loading=\"lazy\" role=\"img\"\/><\/figure><\/div>\n<\/div>\n\n\n\n<div class=\"wp-block-column is-layout-flow wp-block-column-is-layout-flow\">\n<div class=\"wp-block-uagb-info-box uagb-block-110f8bb8 uagb-infobox__content-wrap  uagb-infobox-icon-above-title uagb-infobox-image-valign-top\"><div class=\"uagb-ifb-content\"><div class=\"uagb-ifb-icon-wrap\"><svg xmlns=\"https:\/\/www.w3.org\/2000\/svg\" viewbox=\"0 0 512 512\"><path d=\"M0 256C0 114.6 114.6 0 256 0C397.4 0 512 114.6 512 256C512 397.4 397.4 512 256 512C114.6 512 0 397.4 0 256zM371.8 211.8C382.7 200.9 382.7 183.1 371.8 172.2C360.9 161.3 343.1 161.3 332.2 172.2L224 280.4L179.8 236.2C168.9 225.3 151.1 225.3 140.2 236.2C129.3 247.1 129.3 264.9 140.2 275.8L204.2 339.8C215.1 350.7 232.9 350.7 243.8 339.8L371.8 211.8z\"><\/path><\/svg><\/div><div class=\"uagb-ifb-title-wrap\"><h3 class=\"uagb-ifb-title\">Coaching individuel<br><\/h3><\/div><p class=\"uagb-ifb-desc\">Les s\u00e9ances de coaching individuelles sont con\u00e7ues pour vous mettre en forme mentalement pour combattre vos barri\u00e8res mentales, en offrant des strat\u00e9gies sur mesure pour convertir la peur en force tout en am\u00e9liorant les performances et le plaisir d&#039;escalade.<\/p><\/div><\/div>\n\n\n\n<div class=\"wp-block-uagb-buttons uagb-buttons__outer-wrap uagb-btn__default-btn uagb-btn-tablet__default-btn uagb-btn-mobile__default-btn uagb-block-4939673a\"><div class=\"uagb-buttons__wrap uagb-buttons-layout-wrap\">\n<div class=\"wp-block-uagb-buttons-child uagb-buttons__outer-wrap uagb-block-329151d2 wp-block-button\"><div class=\"uagb-button__wrapper\"><a class=\"uagb-buttons-repeater wp-block-button__link\" aria-label=\"\" href=\"https:\/\/rock-zen.com\/fr\/one-to-one-coaching\/\" rel=\"follow noopener\" target=\"_self\" role=\"button\"><div class=\"uagb-button__link\">Plus d'infos<\/div><\/a><\/div><\/div>\n<\/div><\/div>\n<\/div>\n<\/div>\n\n\n\n<div class=\"wp-block-columns is-layout-flex wp-container-core-columns-is-layout-28f84493 wp-block-columns-is-layout-flex\">\n<div class=\"wp-block-column is-layout-flow wp-block-column-is-layout-flow\">\n<div class=\"wp-block-uagb-info-box uagb-block-66717159 uagb-infobox__content-wrap  uagb-infobox-icon-above-title uagb-infobox-image-valign-top\"><div class=\"uagb-ifb-content\"><div class=\"uagb-ifb-icon-wrap\"><svg xmlns=\"https:\/\/www.w3.org\/2000\/svg\" viewbox=\"0 0 512 512\"><path d=\"M0 256C0 114.6 114.6 0 256 0C397.4 0 512 114.6 512 256C512 397.4 397.4 512 256 512C114.6 512 0 397.4 0 256zM371.8 211.8C382.7 200.9 382.7 183.1 371.8 172.2C360.9 161.3 343.1 161.3 332.2 172.2L224 280.4L179.8 236.2C168.9 225.3 151.1 225.3 140.2 236.2C129.3 247.1 129.3 264.9 140.2 275.8L204.2 339.8C215.1 350.7 232.9 350.7 243.8 339.8L371.8 211.8z\"><\/path><\/svg><\/div><div class=\"uagb-ifb-title-wrap\"><h3 class=\"uagb-ifb-title\">Ateliers de groupe<\/h3><\/div><p class=\"uagb-ifb-desc\">Gr\u00e2ce \u00e0 des ateliers de groupe, les grimpeurs partagent leurs exp\u00e9riences et leurs id\u00e9es, apprenant des techniques de soutien con\u00e7ues pour surmonter les obstacles psychologiques courants tout en renfor\u00e7ant les liens communautaires.<\/p><\/div><\/div>\n\n\n\n<div class=\"wp-block-uagb-buttons uagb-buttons__outer-wrap uagb-btn__default-btn uagb-btn-tablet__default-btn uagb-btn-mobile__default-btn uagb-block-f13c47c6\"><div class=\"uagb-buttons__wrap uagb-buttons-layout-wrap\">\n<div class=\"wp-block-uagb-buttons-child uagb-buttons__outer-wrap uagb-block-025612c3 wp-block-button\"><div class=\"uagb-button__wrapper\"><a class=\"uagb-buttons-repeater wp-block-button__link\" aria-label=\"\" href=\"https:\/\/rock-zen.com\/fr\/group-workshops\/\" rel=\"follow noopener\" target=\"_self\" role=\"button\"><div class=\"uagb-button__link\">Plus d'infos<\/div><\/a><\/div><\/div>\n<\/div><\/div>\n<\/div>\n\n\n\n<div class=\"wp-block-column is-layout-flow wp-block-column-is-layout-flow\">\n<div class=\"wp-block-uagb-image uagb-block-ce468734 wp-block-uagb-image--layout-default wp-block-uagb-image--effect-static wp-block-uagb-image--align-none\"><figure class=\"wp-block-uagb-image__figure\"><img data-recalc-dims=\"1\" decoding=\"async\" srcset=\"https:\/\/rock-zen.com\/wp-content\/uploads\/2024\/12\/IMG_2759-1-1024x768.jpeg ,https:\/\/rock-zen.com\/wp-content\/uploads\/2024\/12\/IMG_2759-1-e1734768744509.jpeg 780w, https:\/\/rock-zen.com\/wp-content\/uploads\/2024\/12\/IMG_2759-1-e1734768744509.jpeg 360w\" sizes=\"auto, (max-width: 480px) 150px\" src=\"https:\/\/i0.wp.com\/rock-zen.com\/wp-content\/uploads\/2024\/12\/IMG_2759-1.jpeg?resize=1024%2C768&#038;ssl=1\" alt=\"\" class=\"uag-image-29408\" width=\"1024\" height=\"768\" title=\"IMG_2759\" loading=\"lazy\" role=\"img\"\/><\/figure><\/div>\n<\/div>\n<\/div>\n\n\n\n<div class=\"wp-block-columns is-layout-flex wp-container-core-columns-is-layout-28f84493 wp-block-columns-is-layout-flex\">\n<div class=\"wp-block-column is-layout-flow wp-block-column-is-layout-flow\">\n<div class=\"wp-block-uagb-image uagb-block-4ebf9d48 wp-block-uagb-image--layout-default wp-block-uagb-image--effect-static wp-block-uagb-image--align-none\"><figure class=\"wp-block-uagb-image__figure\"><img data-recalc-dims=\"1\" decoding=\"async\" srcset=\"https:\/\/rock-zen.com\/wp-content\/uploads\/2025\/01\/A60BAAB7-F20D-4FE0-BE2E-CA8726A9BBD6_1_105_c-1024x683.jpeg ,https:\/\/rock-zen.com\/wp-content\/uploads\/2025\/01\/A60BAAB7-F20D-4FE0-BE2E-CA8726A9BBD6_1_105_c.jpeg 780w, https:\/\/rock-zen.com\/wp-content\/uploads\/2025\/01\/A60BAAB7-F20D-4FE0-BE2E-CA8726A9BBD6_1_105_c.jpeg 360w\" sizes=\"auto, (max-width: 480px) 150px\" src=\"https:\/\/i0.wp.com\/rock-zen.com\/wp-content\/uploads\/2025\/01\/A60BAAB7-F20D-4FE0-BE2E-CA8726A9BBD6_1_105_c.jpeg?resize=1024%2C683&#038;ssl=1\" alt=\"\" class=\"uag-image-29654\" width=\"1024\" height=\"683\" title=\"A60BAAB7-F20D-4FE0-BE2E-CA8726A9BBD6_1_105_c\" loading=\"lazy\" role=\"img\"\/><\/figure><\/div>\n<\/div>\n\n\n\n<div class=\"wp-block-column is-layout-flow wp-block-column-is-layout-flow\">\n<div class=\"wp-block-uagb-info-box uagb-block-5b540bae uagb-infobox__content-wrap  uagb-infobox-icon-above-title uagb-infobox-image-valign-top\"><div class=\"uagb-ifb-content\"><div class=\"uagb-ifb-icon-wrap\"><svg xmlns=\"https:\/\/www.w3.org\/2000\/svg\" viewbox=\"0 0 512 512\"><path d=\"M0 256C0 114.6 114.6 0 256 0C397.4 0 512 114.6 512 256C512 397.4 397.4 512 256 512C114.6 512 0 397.4 0 256zM371.8 211.8C382.7 200.9 382.7 183.1 371.8 172.2C360.9 161.3 343.1 161.3 332.2 172.2L224 280.4L179.8 236.2C168.9 225.3 151.1 225.3 140.2 236.2C129.3 247.1 129.3 264.9 140.2 275.8L204.2 339.8C215.1 350.7 232.9 350.7 243.8 339.8L371.8 211.8z\"><\/path><\/svg><\/div><div class=\"uagb-ifb-title-wrap\"><h3 class=\"uagb-ifb-title\">Engagement communautaire et impact social<\/h3><\/div><p class=\"uagb-ifb-desc\">Nous collaborons avec des associations et des organisations pour cr\u00e9er des ateliers sur mesure destin\u00e9s aux groupes ayant des besoins sp\u00e9cifiques, tels que les r\u00e9fugi\u00e9s, les communaut\u00e9s d\u00e9favoris\u00e9es et les autres personnes confront\u00e9es \u00e0 des difficult\u00e9s particuli\u00e8res. Ces programmes utilisent l&#039;escalade comme outil pour d\u00e9velopper la confiance, favoriser les liens et favoriser l&#039;\u00e9panouissement personnel, garantissant ainsi l&#039;accessibilit\u00e9 et l&#039;inclusion pour tous.<\/p><\/div><\/div>\n\n\n\n<div class=\"wp-block-uagb-buttons uagb-buttons__outer-wrap uagb-btn__default-btn uagb-btn-tablet__default-btn uagb-btn-mobile__default-btn uagb-block-6f4fa7a5\"><div class=\"uagb-buttons__wrap uagb-buttons-layout-wrap\">\n<div class=\"wp-block-uagb-buttons-child uagb-buttons__outer-wrap uagb-block-b560fc1e wp-block-button\"><div class=\"uagb-button__wrapper\"><a class=\"uagb-buttons-repeater wp-block-button__link\" aria-label=\"\" href=\"https:\/\/rock-zen.com\/fr\/contact-2\/\" rel=\"follow noopener\" target=\"_self\" role=\"button\"><div class=\"uagb-button__link\">Plus d'infos<\/div><\/a><\/div><\/div>\n<\/div><\/div>\n<\/div>\n<\/div>\n<\/div><\/div>\n\n\n\n<p><\/p>\n\n\n\n<div class=\"wp-block-uagb-container uagb-layout-grid uagb-block-zqomyb1t alignfull uagb-is-root-container\"><div class=\"uagb-container-inner-blocks-wrap\">\n<div class=\"wp-block-uagb-info-box uagb-block-dsgswcuw uagb-infobox__content-wrap  uagb-infobox-icon-above-title uagb-infobox-image-valign-top\"><div class=\"uagb-ifb-content\"><div class=\"uagb-ifb-title-wrap\"><h3 class=\"uagb-ifb-title\">Vous souhaitez int\u00e9grer l'escalade en pleine conscience \u00e0 votre salle de sport ou \u00e0 votre groupe ?<\/h3><\/div><p class=\"uagb-ifb-desc\">Qu&#039;il s&#039;agisse de formations sp\u00e9cialis\u00e9es ou de s\u00e9ances guid\u00e9es, contactez-nous pour cr\u00e9er une exp\u00e9rience sur mesure pour votre \u00e9quipe.<\/p><\/div><\/div>\n\n\n\n<div class=\"wp-block-uagb-buttons uagb-buttons__outer-wrap uagb-btn__default-btn uagb-btn-tablet__default-btn uagb-btn-mobile__default-btn uagb-block-zhyy03zl\"><div class=\"uagb-buttons__wrap uagb-buttons-layout-wrap\">\n<div class=\"wp-block-uagb-buttons-child uagb-buttons__outer-wrap uagb-block-tgsaxxsf wp-block-button\"><div class=\"uagb-button__wrapper\"><a class=\"uagb-buttons-repeater wp-block-button__link\" aria-label=\"\" href=\"https:\/\/rock-zen.com\/fr\/contact-2\/\" rel=\"follow noopener\" target=\"_self\" role=\"button\"><div class=\"uagb-button__link\">Commencer<\/div><\/a><\/div><\/div>\n<\/div><\/div>\n<\/div><\/div>\n\n\n\n<p><\/p>","protected":false},"excerpt":{"rendered":"<p>L'autonomisation transforme votre exp\u00e9rience de l'escalade<\/p>","protected":false},"author":1,"featured_media":0,"parent":0,"menu_order":0,"comment_status":"closed","ping_status":"closed","template":"","meta":{"_uag_custom_page_level_css":"","site-sidebar-layout":"default","site-content-layout":"","ast-site-content-layout":"default","site-content-style":"default","site-sidebar-style":"default","ast-global-header-display":"","ast-banner-title-visibility":"","ast-main-header-display":"","ast-hfb-above-header-display":"","ast-hfb-below-header-display":"","ast-hfb-mobile-header-display":"","site-post-title":"disabled","ast-breadcrumbs-content":"","ast-featured-img":"","footer-sml-layout":"","theme-transparent-header-meta":"","adv-header-id-meta":"","stick-header-meta":"","header-above-stick-meta":"","header-main-stick-meta":"","header-below-stick-meta":"","astra-migrate-meta-layouts":"default","ast-page-background-enabled":"default","ast-page-background-meta":{"desktop":{"background-color":"var(--ast-global-color-4)","background-image":"","background-repeat":"repeat","background-position":"center center","background-size":"auto","background-attachment":"scroll","background-type":"","background-media":"","overlay-type":"","overlay-color":"","overlay-opacity":"","overlay-gradient":""},"tablet":{"background-color":"","background-image":"","background-repeat":"repeat","background-position":"center center","background-size":"auto","background-attachment":"scroll","background-type":"","background-media":"","overlay-type":"","overlay-color":"","overlay-opacity":"","overlay-gradient":""},"mobile":{"background-color":"","background-image":"","background-repeat":"repeat","background-position":"center center","background-size":"auto","background-attachment":"scroll","background-type":"","background-media":"","overlay-type":"","overlay-color":"","overlay-opacity":"","overlay-gradient":""}},"ast-content-background-meta":{"desktop":{"background-color":"var(--ast-global-color-5)","background-image":"","background-repeat":"repeat","background-position":"center center","background-size":"auto","background-attachment":"scroll","background-type":"","background-media":"","overlay-type":"","overlay-color":"","overlay-opacity":"","overlay-gradient":""},"tablet":{"background-color":"var(--ast-global-color-5)","background-image":"","background-repeat":"repeat","background-position":"center center","background-size":"auto","background-attachment":"scroll","background-type":"","background-media":"","overlay-type":"","overlay-color":"","overlay-opacity":"","overlay-gradient":""},"mobile":{"background-color":"var(--ast-global-color-5)","background-image":"","background-repeat":"repeat","background-position":"center center","background-size":"auto","background-attachment":"scroll","background-type":"","background-media":"","overlay-type":"","overlay-color":"","overlay-opacity":"","overlay-gradient":""}},"footnotes":""},"class_list":["post-53","page","type-page","status-publish","hentry"],"yoast_head":"<!-- This site is optimized with the Yoast SEO plugin v27.3 - https:\/\/yoast.com\/product\/yoast-seo-wordpress\/ -->\n<title>Services - Rock Zen<\/title>\n<meta name=\"robots\" content=\"index, follow, max-snippet:-1, max-image-preview:large, max-video-preview:-1\" \/>\n<link rel=\"canonical\" href=\"https:\/\/rock-zen.com\/fr\/services\/\" \/>\n<meta property=\"og:locale\" content=\"fr_FR\" \/>\n<meta property=\"og:type\" content=\"article\" \/>\n<meta property=\"og:title\" content=\"Services - Rock Zen\" \/>\n<meta property=\"og:description\" content=\"Empowerment Transforming Your Climbing Experience\" \/>\n<meta property=\"og:url\" content=\"https:\/\/rock-zen.com\/fr\/services\/\" \/>\n<meta property=\"og:site_name\" content=\"Rock Zen\" \/>\n<meta property=\"article:modified_time\" content=\"2025-01-26T08:40:02+00:00\" \/>\n<meta property=\"og:image\" content=\"https:\/\/rock-zen.com\/wp-content\/uploads\/2024\/12\/LaraSuleymanSaintLeger44-copy-1024x683.jpeg\" \/>\n<meta name=\"twitter:card\" content=\"summary_large_image\" \/>\n<meta name=\"twitter:label1\" content=\"Dur\u00e9e de lecture estim\u00e9e\" \/>\n\t<meta name=\"twitter:data1\" content=\"1 minute\" \/>\n<script type=\"application\/ld+json\" class=\"yoast-schema-graph\">{\"@context\":\"https:\\\/\\\/schema.org\",\"@graph\":[{\"@type\":\"WebPage\",\"@id\":\"https:\\\/\\\/rock-zen.com\\\/services\\\/\",\"url\":\"https:\\\/\\\/rock-zen.com\\\/services\\\/\",\"name\":\"Services - Rock Zen\",\"isPartOf\":{\"@id\":\"https:\\\/\\\/rock-zen.com\\\/#website\"},\"primaryImageOfPage\":{\"@id\":\"https:\\\/\\\/rock-zen.com\\\/services\\\/#primaryimage\"},\"image\":{\"@id\":\"https:\\\/\\\/rock-zen.com\\\/services\\\/#primaryimage\"},\"thumbnailUrl\":\"https:\\\/\\\/rock-zen.com\\\/wp-content\\\/uploads\\\/2024\\\/12\\\/LaraSuleymanSaintLeger44-copy-1024x683.jpeg\",\"datePublished\":\"2024-12-17T15:41:52+00:00\",\"dateModified\":\"2025-01-26T08:40:02+00:00\",\"breadcrumb\":{\"@id\":\"https:\\\/\\\/rock-zen.com\\\/services\\\/#breadcrumb\"},\"inLanguage\":\"fr-FR\",\"potentialAction\":[{\"@type\":\"ReadAction\",\"target\":[\"https:\\\/\\\/rock-zen.com\\\/services\\\/\"]}]},{\"@type\":\"ImageObject\",\"inLanguage\":\"fr-FR\",\"@id\":\"https:\\\/\\\/rock-zen.com\\\/services\\\/#primaryimage\",\"url\":\"https:\\\/\\\/rock-zen.com\\\/wp-content\\\/uploads\\\/2024\\\/12\\\/LaraSuleymanSaintLeger44-copy-1024x683.jpeg\",\"contentUrl\":\"https:\\\/\\\/rock-zen.com\\\/wp-content\\\/uploads\\\/2024\\\/12\\\/LaraSuleymanSaintLeger44-copy-1024x683.jpeg\"},{\"@type\":\"BreadcrumbList\",\"@id\":\"https:\\\/\\\/rock-zen.com\\\/services\\\/#breadcrumb\",\"itemListElement\":[{\"@type\":\"ListItem\",\"position\":1,\"name\":\"Accueil\",\"item\":\"https:\\\/\\\/rock-zen.com\\\/\"},{\"@type\":\"ListItem\",\"position\":2,\"name\":\"Services\"}]},{\"@type\":\"WebSite\",\"@id\":\"https:\\\/\\\/rock-zen.com\\\/#website\",\"url\":\"https:\\\/\\\/rock-zen.com\\\/\",\"name\":\"Rock Zen\",\"description\":\"Unlock your full potential\",\"publisher\":{\"@id\":\"https:\\\/\\\/rock-zen.com\\\/#organization\"},\"potentialAction\":[{\"@type\":\"SearchAction\",\"target\":{\"@type\":\"EntryPoint\",\"urlTemplate\":\"https:\\\/\\\/rock-zen.com\\\/?s={search_term_string}\"},\"query-input\":{\"@type\":\"PropertyValueSpecification\",\"valueRequired\":true,\"valueName\":\"search_term_string\"}}],\"inLanguage\":\"fr-FR\"},{\"@type\":\"Organization\",\"@id\":\"https:\\\/\\\/rock-zen.com\\\/#organization\",\"name\":\"Rock Zen\",\"url\":\"https:\\\/\\\/rock-zen.com\\\/\",\"logo\":{\"@type\":\"ImageObject\",\"inLanguage\":\"fr-FR\",\"@id\":\"https:\\\/\\\/rock-zen.com\\\/#\\\/schema\\\/logo\\\/image\\\/\",\"url\":\"https:\\\/\\\/i0.wp.com\\\/rock-zen.com\\\/wp-content\\\/uploads\\\/2024\\\/12\\\/RZ-logo-transparent-background-1.png?fit=5508%2C2064&ssl=1\",\"contentUrl\":\"https:\\\/\\\/i0.wp.com\\\/rock-zen.com\\\/wp-content\\\/uploads\\\/2024\\\/12\\\/RZ-logo-transparent-background-1.png?fit=5508%2C2064&ssl=1\",\"width\":5508,\"height\":2064,\"caption\":\"Rock Zen\"},\"image\":{\"@id\":\"https:\\\/\\\/rock-zen.com\\\/#\\\/schema\\\/logo\\\/image\\\/\"},\"sameAs\":[\"https:\\\/\\\/www.instagram.com\\\/rockzeneurope?igsh=MTk0azdhazQyYmt1Mw==&utm_source=qr\"]}]}<\/script>\n<!-- \/ Yoast SEO plugin. -->","yoast_head_json":{"title":"Services - Rock Zen","robots":{"index":"index","follow":"follow","max-snippet":"max-snippet:-1","max-image-preview":"max-image-preview:large","max-video-preview":"max-video-preview:-1"},"canonical":"https:\/\/rock-zen.com\/fr\/services\/","og_locale":"fr_FR","og_type":"article","og_title":"Services - Rock Zen","og_description":"Empowerment Transforming Your Climbing Experience","og_url":"https:\/\/rock-zen.com\/fr\/services\/","og_site_name":"Rock Zen","article_modified_time":"2025-01-26T08:40:02+00:00","og_image":[{"url":"https:\/\/rock-zen.com\/wp-content\/uploads\/2024\/12\/LaraSuleymanSaintLeger44-copy-1024x683.jpeg","type":"","width":"","height":""}],"twitter_card":"summary_large_image","twitter_misc":{"Dur\u00e9e de lecture estim\u00e9e":"1 minute"},"schema":{"@context":"https:\/\/schema.org","@graph":[{"@type":"WebPage","@id":"https:\/\/rock-zen.com\/services\/","url":"https:\/\/rock-zen.com\/services\/","name":"Services - Rock Zen","isPartOf":{"@id":"https:\/\/rock-zen.com\/#website"},"primaryImageOfPage":{"@id":"https:\/\/rock-zen.com\/services\/#primaryimage"},"image":{"@id":"https:\/\/rock-zen.com\/services\/#primaryimage"},"thumbnailUrl":"https:\/\/rock-zen.com\/wp-content\/uploads\/2024\/12\/LaraSuleymanSaintLeger44-copy-1024x683.jpeg","datePublished":"2024-12-17T15:41:52+00:00","dateModified":"2025-01-26T08:40:02+00:00","breadcrumb":{"@id":"https:\/\/rock-zen.com\/services\/#breadcrumb"},"inLanguage":"fr-FR","potentialAction":[{"@type":"ReadAction","target":["https:\/\/rock-zen.com\/services\/"]}]},{"@type":"ImageObject","inLanguage":"fr-FR","@id":"https:\/\/rock-zen.com\/services\/#primaryimage","url":"https:\/\/rock-zen.com\/wp-content\/uploads\/2024\/12\/LaraSuleymanSaintLeger44-copy-1024x683.jpeg","contentUrl":"https:\/\/rock-zen.com\/wp-content\/uploads\/2024\/12\/LaraSuleymanSaintLeger44-copy-1024x683.jpeg"},{"@type":"BreadcrumbList","@id":"https:\/\/rock-zen.com\/services\/#breadcrumb","itemListElement":[{"@type":"ListItem","position":1,"name":"Accueil","item":"https:\/\/rock-zen.com\/"},{"@type":"ListItem","position":2,"name":"Services"}]},{"@type":"WebSite","@id":"https:\/\/rock-zen.com\/#website","url":"https:\/\/rock-zen.com\/","name":"Rock Zen","description":"Lib\u00e9rez tout votre potentiel","publisher":{"@id":"https:\/\/rock-zen.com\/#organization"},"potentialAction":[{"@type":"SearchAction","target":{"@type":"EntryPoint","urlTemplate":"https:\/\/rock-zen.com\/?s={search_term_string}"},"query-input":{"@type":"PropertyValueSpecification","valueRequired":true,"valueName":"search_term_string"}}],"inLanguage":"fr-FR"},{"@type":"Organization","@id":"https:\/\/rock-zen.com\/#organization","name":"Rock Zen","url":"https:\/\/rock-zen.com\/","logo":{"@type":"ImageObject","inLanguage":"fr-FR","@id":"https:\/\/rock-zen.com\/#\/schema\/logo\/image\/","url":"https:\/\/i0.wp.com\/rock-zen.com\/wp-content\/uploads\/2024\/12\/RZ-logo-transparent-background-1.png?fit=5508%2C2064&ssl=1","contentUrl":"https:\/\/i0.wp.com\/rock-zen.com\/wp-content\/uploads\/2024\/12\/RZ-logo-transparent-background-1.png?fit=5508%2C2064&ssl=1","width":5508,"height":2064,"caption":"Rock Zen"},"image":{"@id":"https:\/\/rock-zen.com\/#\/schema\/logo\/image\/"},"sameAs":["https:\/\/www.instagram.com\/rockzeneurope?igsh=MTk0azdhazQyYmt1Mw==&utm_source=qr"]}]}},"uagb_featured_image_src":{"full":false,"thumbnail":false,"medium":false,"medium_large":false,"large":false,"1536x1536":false,"2048x2048":false,"trp-custom-language-flag":false,"mailpoet_newsletter_max":false,"woocommerce_thumbnail":false,"woocommerce_single":false,"woocommerce_gallery_thumbnail":false},"uagb_author_info":{"display_name":"Alma","author_link":"https:\/\/rock-zen.com\/fr\/author\/alma\/"},"uagb_comment_info":0,"uagb_excerpt":"Empowerment Transforming Your Climbing Experience","jetpack_sharing_enabled":true,"_links":{"self":[{"href":"https:\/\/rock-zen.com\/fr\/wp-json\/wp\/v2\/pages\/53","targetHints":{"allow":["GET"]}}],"collection":[{"href":"https:\/\/rock-zen.com\/fr\/wp-json\/wp\/v2\/pages"}],"about":[{"href":"https:\/\/rock-zen.com\/fr\/wp-json\/wp\/v2\/types\/page"}],"author":[{"embeddable":true,"href":"https:\/\/rock-zen.com\/fr\/wp-json\/wp\/v2\/users\/1"}],"replies":[{"embeddable":true,"href":"https:\/\/rock-zen.com\/fr\/wp-json\/wp\/v2\/comments?post=53"}],"version-history":[{"count":18,"href":"https:\/\/rock-zen.com\/fr\/wp-json\/wp\/v2\/pages\/53\/revisions"}],"predecessor-version":[{"id":29825,"href":"https:\/\/rock-zen.com\/fr\/wp-json\/wp\/v2\/pages\/53\/revisions\/29825"}],"wp:attachment":[{"href":"https:\/\/rock-zen.com\/fr\/wp-json\/wp\/v2\/media?parent=53"}],"curies":[{"name":"wp","href":"https:\/\/api.w.org\/{rel}","templated":true}]}}